{"id":22991016,"date":"2022-10-13T11:19:28","date_gmt":"2022-10-13T09:19:28","guid":{"rendered":"https:\/\/www.spaghetti-und-stars.de\/speisenkarte\/"},"modified":"2025-05-26T15:21:22","modified_gmt":"2025-05-26T13:21:22","slug":"menu","status":"publish","type":"page","link":"https:\/\/www.spaghetti-und-stars.de\/it\/menu\/","title":{"rendered":"Menu"},"content":{"rendered":"<p>[et_pb_section fb_built=&#8221;1&#8243; fullwidth=&#8221;on&#8221; _builder_version=&#8221;4.18.0&#8243; _module_preset=&#8221;default&#8221; background_image=&#8221;https:\/\/www.spaghetti-und-stars.de\/wp-content\/uploads\/2022\/10\/IMG_3690-1200.jpg&#8221; parallax=&#8221;on&#8221; parallax_method=&#8221;off&#8221; global_colors_info=&#8221;{}&#8221;][et_pb_fullwidth_header title=&#8221;Menu&#8221; subhead=&#8221;La gioia del piacere \u00e8 il nostro principio di vita&#8221; header_scroll_down=&#8221;on&#8221; scroll_down_icon=&#8221;%%1%%&#8221; _builder_version=&#8221;4.27.4&#8243; _module_preset=&#8221;default&#8221; title_text_align=&#8221;center&#8221; title_font_size=&#8221;100px&#8221; subhead_text_align=&#8221;center&#8221; subhead_font_size=&#8221;20px&#8221; background_enable_color=&#8221;off&#8221; use_background_color_gradient=&#8221;on&#8221; background_color_gradient_stops=&#8221;rgba(255,255,255,0) 0%|rgba(0,0,0,0.81) 100%&#8221; background_color_gradient_overlays_image=&#8221;on&#8221; background_image=&#8221;https:\/\/www.spaghetti-und-stars.de\/wp-content\/uploads\/2022\/10\/speisen.jpg&#8221; custom_padding=&#8221;30vh||30vh||true|false&#8221; hover_enabled=&#8221;0&#8243; title_font_size_tablet=&#8221;80px&#8221; title_font_size_phone=&#8221;70px&#8221; title_font_size_last_edited=&#8221;on|phone&#8221; subhead_font_size_tablet=&#8221;18px&#8221; subhead_font_size_phone=&#8221;16px&#8221; subhead_font_size_last_edited=&#8221;on|phone&#8221; global_colors_info=&#8221;{}&#8221; admin_label=&#8221;Intestazione a Larghezza Piena&#8221; sticky_enabled=&#8221;0&#8243;][\/et_pb_fullwidth_header][\/et_pb_section][et_pb_section fb_built=&#8221;1&#8243; _builder_version=&#8221;4.19.4&#8243; _module_preset=&#8221;default&#8221; background_image=&#8221;https:\/\/www.spaghetti-und-stars.de\/wp-content\/uploads\/2023\/01\/spaghetti_und_stars_antonio_impagnatiello_background.jpg&#8221; parallax=&#8221;on&#8221; parallax_method=&#8221;off&#8221; global_colors_info=&#8221;{}&#8221;][et_pb_row _builder_version=&#8221;4.18.0&#8243; _module_preset=&#8221;default&#8221; global_colors_info=&#8221;{}&#8221;][et_pb_column type=&#8221;4_4&#8243; _builder_version=&#8221;4.18.0&#8243; _module_preset=&#8221;default&#8221; global_colors_info=&#8221;{}&#8221;][et_pb_text _builder_version=&#8221;4.27.4&#8243; _module_preset=&#8221;default&#8221; text_orientation=&#8221;center&#8221; hover_enabled=&#8221;0&#8243; global_colors_info=&#8221;{}&#8221; sticky_enabled=&#8221;0&#8243;]<\/p>\n<h2>Cosa preferite &#8211; pesce o carne??<\/h2>\n<p>Scegliete il vostro piatto principale e lasciate a noi il resto. Sedetevi e lasciatevi contagiare dal nostro principio di vita.<\/p>\n<p>[\/et_pb_text][el_restro_menu posts_number=&#8221;20&#8243; post_order_by=&#8221;none&#8221; include_categories=&#8221;7,17,11,14,13,15,10,19,21,18,9,8,12,16,20,101&#8243; filterable_menu=&#8221;on&#8221; show_all_items_link=&#8221;off&#8221; show_thumbnail=&#8221;off&#8221; show_ingredients=&#8221;off&#8221; category_background_color=&#8221;#C39B29&#8243; active_category_background_color=&#8221;#FFFFFF&#8221; use_pagination=&#8221;on&#8221; load_more_text=&#8221;Mehr&#8221; show_few_text=&#8221;Weniger&#8221; _builder_version=&#8221;4.21.0&#8243; _module_preset=&#8221;default&#8221; category_font=&#8221;|700|||||||&#8221; category_text_color=&#8221;#000000&#8243; category_font_size=&#8221;16px&#8221; active_category_text_color=&#8221;#000000&#8243; currency_letter_spacing=&#8221;5px&#8221; price_label_font_size=&#8221;12px&#8221; custom_load_more=&#8221;on&#8221; load_more_text_size=&#8221;16px&#8221; load_more_text_color=&#8221;#FFFFFF&#8221; load_more_bg_color=&#8221;#C39B29&#8243; load_more_border_width=&#8221;0px&#8221; load_more_border_radius=&#8221;0px&#8221; load_more_alignment=&#8221;center&#8221; price_font_size_tablet=&#8221;&#8221; price_font_size_phone=&#8221;16px&#8221; price_font_size_last_edited=&#8221;on|phone&#8221; price_label_text_color_tablet=&#8221;&#8221; price_label_text_color_phone=&#8221;&#8221; price_label_text_color_last_edited=&#8221;on|tablet&#8221; price_label_font_size_tablet=&#8221;12px&#8221; price_label_font_size_phone=&#8221;10px&#8221; price_label_font_size_last_edited=&#8221;on|desktop&#8221; global_colors_info=&#8221;{}&#8221; category_background_color__hover_enabled=&#8221;on|hover&#8221; category_background_color__hover=&#8221;#FFFFFF&#8221; category_background_enable_color__hover=&#8221;on&#8221;][\/el_restro_menu][\/et_pb_column][\/et_pb_row][\/et_pb_section]<\/p>\n","protected":false},"excerpt":{"rendered":"<p>Cosa preferite &#8211; pesce o carne?? Scegliete il vostro piatto principale e lasciate a noi il resto. Sedetevi e lasciatevi contagiare dal nostro principio di vita.<div class=\"et_pb_module el_restro_menu el_restro_menu_0 \">\n\t\t\t\t\n\t\t\t\t\n\t\t\t\t\n\t\t\t\t\n\t\t\t\t\n\t\t\t\t\n\t\t\t\t<div class=\"et_pb_module_inner\">\n\t\t\t\t\t<div class=\"el-drm-layout el-drm-layout-1\" data-lightbox_enabled=\"off\"><div class=\"el-drm-menu-items el-drm-cols-2\"><div class=\"el-drm-menu-item\"><div class=\"el-drm-menu-item-details\"><div class=\"el-drm-menu-item-name-container\"><h4 class=\"el-drm-menu-item-name\">Aragosta gratinata<\/h4><span class=\"el-drm-menu-item-price-divider\"><\/span><div class=\"el-drm-menu-item-price-wrapper\"><span class=\"el-drm-menu-item-single-price\">\n                \n                <span class=\"el-drm-menu-item-price\"><em class=\"el-drm-currency-symbol\">\u20ac<\/em>59,50<\/span>\n            <\/span><\/div><\/div><div class=\"el-drm-menu-item-desc\">Con salsa Rosa Pfeffer, verdure e patate<\/div><\/div><\/div><div class=\"el-drm-menu-item\"><div class=\"el-drm-menu-item-details\"><div class=\"el-drm-menu-item-name-container\"><h4 class=\"el-drm-menu-item-name\">Paccheri con astice<\/h4><span class=\"el-drm-menu-item-price-divider\"><\/span><div class=\"el-drm-menu-item-price-wrapper\"><span class=\"el-drm-menu-item-single-price\">\n                \n                <span class=\"el-drm-menu-item-price\"><em class=\"el-drm-currency-symbol\">\u20ac<\/em>32,50<\/span>\n            <\/span><\/div><\/div><div class=\"el-drm-menu-item-desc\">Con mezzo astice in salsa di pomodorini e basilico<\/div><\/div><\/div><div class=\"el-drm-menu-item\"><div class=\"el-drm-menu-item-details\"><div class=\"el-drm-menu-item-name-container\"><h4 class=\"el-drm-menu-item-name\">Mezza aragosta<\/h4><span class=\"el-drm-menu-item-price-divider\"><\/span><div class=\"el-drm-menu-item-price-wrapper\"><span class=\"el-drm-menu-item-single-price\">\n                \n                <span class=\"el-drm-menu-item-price\"><em class=\"el-drm-currency-symbol\">\u20ac<\/em>32,50<\/span>\n            <\/span><\/div><\/div><div class=\"el-drm-menu-item-desc\">Su insalata di mango, rucola e con salsa chili agrodolce<\/div><\/div><\/div><div class=\"el-drm-menu-item\"><div class=\"el-drm-menu-item-details\"><div class=\"el-drm-menu-item-name-container\"><h4 class=\"el-drm-menu-item-name\">Affogato<\/h4><span class=\"el-drm-menu-item-price-divider\"><\/span><div class=\"el-drm-menu-item-price-wrapper\"><span class=\"el-drm-menu-item-single-price\">\n                \n                <span class=\"el-drm-menu-item-price\"><em class=\"el-drm-currency-symbol\">\u20ac<\/em>14,50<\/span>\n            <\/span><\/div><\/div><div class=\"el-drm-menu-item-desc\">Gelato alla vaniglia, espresso, rum<\/div><\/div><\/div><div class=\"el-drm-menu-item\"><div class=\"el-drm-menu-item-details\"><div class=\"el-drm-menu-item-name-container\"><h4 class=\"el-drm-menu-item-name\">Suola &#8220;stile M\u00fcllerin&#8221;<\/h4><span class=\"el-drm-menu-item-price-divider\"><\/span><div class=\"el-drm-menu-item-price-wrapper\"><span class=\"el-drm-menu-item-single-price\">\n                \n                <span class=\"el-drm-menu-item-price\"><em class=\"el-drm-currency-symbol\">\u20ac<\/em>54,00<\/span>\n            <\/span><\/div><\/div><div class=\"el-drm-menu-item-desc\">con burro fuso, patata lessa e prezzemolo<\/div><\/div><\/div><div class=\"el-drm-menu-item\"><div class=\"el-drm-menu-item-details\"><div class=\"el-drm-menu-item-name-container\"><h4 class=\"el-drm-menu-item-name\">Ortolana<\/h4><span class=\"el-drm-menu-item-price-divider\"><\/span><div class=\"el-drm-menu-item-price-wrapper\"><span class=\"el-drm-menu-item-single-price\">\n                \n                <span class=\"el-drm-menu-item-price\"><em class=\"el-drm-currency-symbol\">\u20ac<\/em>24,50<\/span>\n            <\/span><\/div><\/div><div class=\"el-drm-menu-item-desc\">Pizza bianca con verdure grigliate<\/div><\/div><\/div><div class=\"el-drm-menu-item\"><div class=\"el-drm-menu-item-details\"><div class=\"el-drm-menu-item-name-container\"><h4 class=\"el-drm-menu-item-name\">Pane misto appena sfornato<\/h4><span class=\"el-drm-menu-item-price-divider\"><\/span><div class=\"el-drm-menu-item-price-wrapper\"><span class=\"el-drm-menu-item-single-price\">\n                \n                <span class=\"el-drm-menu-item-price\"><em class=\"el-drm-currency-symbol\">\u20ac<\/em>5,50<\/span>\n            <\/span><\/div><\/div><div class=\"el-drm-menu-item-desc\">Con purea di olive e salsa di yogurt o quark<\/div><\/div><\/div><div class=\"el-drm-menu-item\"><div class=\"el-drm-menu-item-details\"><div class=\"el-drm-menu-item-name-container\"><h4 class=\"el-drm-menu-item-name\">Affettato Misto<\/h4><span class=\"el-drm-menu-item-price-divider\"><\/span><div class=\"el-drm-menu-item-price-wrapper\"><span class=\"el-drm-menu-item-single-price\">\n                <span class=\"el-drm-menu-item-price-label\">1 persona<\/span>\n                <span class=\"el-drm-menu-item-price\"><em class=\"el-drm-currency-symbol\">\u20ac<\/em>20,50<\/span>\n            <\/span><span class=\"el-drm-menu-item-single-price\">\n                <span class=\"el-drm-menu-item-price-label\">2 persone<\/span>\n                <span class=\"el-drm-menu-item-price\"><em class=\"el-drm-currency-symbol\">\u20ac<\/em>39,00<\/span>\n            <\/span><\/div><\/div><div class=\"el-drm-menu-item-desc\">Una selezione di salumi italiani<\/div><\/div><\/div><\/div><\/div><input class=\"el-restro-menu-props\" type=\"hidden\" value=\"%7B%22use_current_loop%22%3Afalse%2C%22menu_layout%22%3A%22layout-1%22%2C%22posts_number%22%3A0%2C%22offset_number%22%3A0%2C%22post_order_by%22%3A%22%26%238221%3Bnone%26%238221%3B%22%2C%22post_order%22%3A%22DESC%22%2C%22include_categories%22%3A%22%26%238221%3B7%2C17%2C11%2C14%2C13%2C15%2C10%2C19%2C21%2C18%2C9%2C8%2C12%2C16%2C20%2C101%26%238243%3B%22%2C%22number_of_columns%22%3A2%2C%22show_thumbnail%22%3A%22%26%238221%3Boff%26%238221%3B%22%2C%22image_size%22%3A%22thumbnail%22%2C%22enable_lightbox%22%3A%22off%22%2C%22show_description%22%3A%22on%22%2C%22show_ingredients%22%3A%22%26%238221%3Boff%26%238221%3B%22%2C%22show_price%22%3A%22on%22%2C%22use_pagination%22%3A%22%26%238221%3Bon%26%238221%3B%22%2C%22pagination_type%22%3A%22load_more%22%2C%22prev_text%22%3A%22%22%2C%22next_text%22%3A%22%22%2C%22load_more_text%22%3A%22%26%238221%3BMehr%26%238221%3B%22%2C%22show_few_text%22%3A%22%26%238221%3BWeniger%26%238221%3B%22%2C%22custom_load_more%22%3A%22%26%238221%3Bon%26%238221%3B%22%2C%22load_more_icon%22%3A%22%22%2C%22total_page%22%3A9%2C%22title_header_level%22%3A%22h4%22%2C%22is_user_logged_in%22%3Afalse%2C%22is_single%22%3Afalse%2C%22current_post_id%22%3A22991662%2C%22current_page_url%22%3A%22https%3A%5C%2F%5C%2Fwww.spaghetti-und-stars.de%5C%2Fit%5C%2Fwp-json%5C%2Fwp%5C%2Fv2%5C%2Fpages%5C%2F22991016%5C%2F%22%2C%22is_restro_menu_categories%22%3Afalse%2C%22restro_menu_categories%22%3A%22%22%7D\" \/>\n\t\t\t\t<\/div>\n\t\t\t<\/div><\/p>\n","protected":false},"author":1,"featured_media":22991021,"parent":0,"menu_order":0,"comment_status":"closed","ping_status":"closed","template":"","meta":{"_et_pb_use_builder":"on","_et_pb_old_content":"[et_pb_section fb_built=\"1\" fullwidth=\"on\" _builder_version=\"4.18.0\" _module_preset=\"default\" background_image=\"https:\/\/www.spaghetti-und-stars.de\/wp-content\/uploads\/2022\/10\/IMG_3690-1200.jpg\" parallax=\"on\" parallax_method=\"off\" global_colors_info=\"{}\" theme_builder_area=\"post_content\"][et_pb_fullwidth_header title=\"Speisen & Getr\u00e4nke\" subhead=\"Die Freude am Genuss ist unser Lebensprinzip\" header_scroll_down=\"on\" scroll_down_icon=\"%%1%%\" _builder_version=\"4.18.0\" _module_preset=\"default\" title_text_align=\"center\" subhead_text_align=\"center\" subhead_font_size=\"25px\" background_enable_color=\"off\" use_background_color_gradient=\"on\" background_color_gradient_stops=\"rgba(255,255,255,0) 0%|rgba(0,0,0,0.81) 100%\" background_color_gradient_overlays_image=\"on\" background_image=\"https:\/\/www.spaghetti-und-stars.de\/wp-content\/uploads\/2022\/10\/sas-gallery-07.jpg\" parallax=\"on\" custom_padding=\"30vh||30vh||true|false\" subhead_font_size_tablet=\"22px\" subhead_font_size_phone=\"18px\" subhead_font_size_last_edited=\"on|phone\" global_colors_info=\"{}\" theme_builder_area=\"post_content\"][\/et_pb_fullwidth_header][\/et_pb_section][et_pb_section fb_built=\"1\" _builder_version=\"4.18.0\" _module_preset=\"default\" background_image=\"https:\/\/www.spaghetti-und-stars.de\/wp-content\/uploads\/2022\/10\/bg.jpg\" parallax=\"on\" parallax_method=\"off\" global_colors_info=\"{}\" theme_builder_area=\"post_content\"][et_pb_row _builder_version=\"4.18.0\" _module_preset=\"default\" global_colors_info=\"{}\" theme_builder_area=\"post_content\"][et_pb_column type=\"4_4\" _builder_version=\"4.18.0\" _module_preset=\"default\" global_colors_info=\"{}\" theme_builder_area=\"post_content\"][et_pb_text _builder_version=\"4.18.0\" _module_preset=\"default\" hover_enabled=\"0\" global_colors_info=\"{}\" theme_builder_area=\"post_content\" text_orientation=\"center\" sticky_enabled=\"0\"]\r\n<h2>Worauf haben Sie Lust - Fisch oder Fleisch?<\/h2>\r\nW\u00e4hlen Sie Ihr Hauptgericht und \u00fcberlassen uns das \u00dcbrige. Lehnen Sie sich zur\u00fcck und lassen Sie sich anstecken von unserem Lebensprinzip.\r\n\r\n[\/et_pb_text][et_pb_blurb title=\"Download Speisen- und Getr\u00e4nkekarte\" _builder_version=\"4.18.0\" _module_preset=\"default\" theme_builder_area=\"post_content\" use_icon=\"on\" font_icon=\"\uf019||fa||900\" header_level=\"h3\" header_font_size=\"18px\" header_text_align=\"center\" image_icon_width=\"40px\" link_option_url=\"https:\/\/www.spaghetti-und-stars.de\/wp-content\/uploads\/2022\/10\/SS_Speisekarte_web.pdf\" link_option_url_new_window=\"on\" hover_enabled=\"0\" sticky_enabled=\"0\"][\/et_pb_blurb][\/et_pb_column][\/et_pb_row][\/et_pb_section]","_et_gb_content_width":"","footnotes":""},"dipi_cpt_category":[],"class_list":["post-22991016","page","type-page","status-publish","has-post-thumbnail","hentry"],"yoast_head":"<!-- This site is optimized with the Yoast SEO plugin v27.4 - https:\/\/yoast.com\/product\/yoast-seo-wordpress\/ -->\n<title>Menu - Spaghetti und Stars<\/title>\n<meta name=\"description\" content=\"La gioia del piacere \u00e8 il nostro principio di vita\" \/>\n<meta name=\"robots\" content=\"index, follow, max-snippet:-1, max-image-preview:large, max-video-preview:-1\" \/>\n<link rel=\"canonical\" href=\"https:\/\/www.spaghetti-und-stars.de\/it\/menu\/\" \/>\n<meta property=\"og:locale\" content=\"it_IT\" \/>\n<meta property=\"og:type\" content=\"article\" \/>\n<meta property=\"og:title\" content=\"Menu - Spaghetti und Stars\" \/>\n<meta property=\"og:description\" content=\"La gioia del piacere \u00e8 il nostro principio di vita\" \/>\n<meta property=\"og:url\" content=\"https:\/\/www.spaghetti-und-stars.de\/it\/menu\/\" \/>\n<meta property=\"og:site_name\" content=\"Spaghetti und Stars\" \/>\n<meta property=\"article:modified_time\" content=\"2025-05-26T13:21:22+00:00\" \/>\n<meta property=\"og:image\" content=\"https:\/\/www.spaghetti-und-stars.de\/wp-content\/uploads\/2022\/10\/IMG_3759-1200.jpg\" \/>\n\t<meta property=\"og:image:width\" content=\"1200\" \/>\n\t<meta property=\"og:image:height\" content=\"800\" \/>\n\t<meta property=\"og:image:type\" content=\"image\/jpeg\" \/>\n<meta name=\"twitter:card\" content=\"summary_large_image\" \/>\n<meta name=\"twitter:label1\" content=\"Tempo di lettura stimato\" \/>\n\t<meta name=\"twitter:data1\" content=\"2 minuti\" \/>\n<script type=\"application\/ld+json\" class=\"yoast-schema-graph\">{\"@context\":\"https:\\\/\\\/schema.org\",\"@graph\":[{\"@type\":\"WebPage\",\"@id\":\"https:\\\/\\\/www.spaghetti-und-stars.de\\\/it\\\/menu\\\/\",\"url\":\"https:\\\/\\\/www.spaghetti-und-stars.de\\\/it\\\/menu\\\/\",\"name\":\"Menu - Spaghetti und Stars\",\"isPartOf\":{\"@id\":\"https:\\\/\\\/www.spaghetti-und-stars.de\\\/it\\\/#website\"},\"primaryImageOfPage\":{\"@id\":\"https:\\\/\\\/www.spaghetti-und-stars.de\\\/it\\\/menu\\\/#primaryimage\"},\"image\":{\"@id\":\"https:\\\/\\\/www.spaghetti-und-stars.de\\\/it\\\/menu\\\/#primaryimage\"},\"thumbnailUrl\":\"https:\\\/\\\/www.spaghetti-und-stars.de\\\/wp-content\\\/uploads\\\/2022\\\/10\\\/IMG_3759-1200.jpg\",\"datePublished\":\"2022-10-13T09:19:28+00:00\",\"dateModified\":\"2025-05-26T13:21:22+00:00\",\"description\":\"La gioia del piacere \u00e8 il nostro principio di vita\",\"breadcrumb\":{\"@id\":\"https:\\\/\\\/www.spaghetti-und-stars.de\\\/it\\\/menu\\\/#breadcrumb\"},\"inLanguage\":\"it-IT\",\"potentialAction\":[{\"@type\":\"ReadAction\",\"target\":[\"https:\\\/\\\/www.spaghetti-und-stars.de\\\/it\\\/menu\\\/\"]}]},{\"@type\":\"ImageObject\",\"inLanguage\":\"it-IT\",\"@id\":\"https:\\\/\\\/www.spaghetti-und-stars.de\\\/it\\\/menu\\\/#primaryimage\",\"url\":\"https:\\\/\\\/www.spaghetti-und-stars.de\\\/wp-content\\\/uploads\\\/2022\\\/10\\\/IMG_3759-1200.jpg\",\"contentUrl\":\"https:\\\/\\\/www.spaghetti-und-stars.de\\\/wp-content\\\/uploads\\\/2022\\\/10\\\/IMG_3759-1200.jpg\",\"width\":1200,\"height\":800},{\"@type\":\"BreadcrumbList\",\"@id\":\"https:\\\/\\\/www.spaghetti-und-stars.de\\\/it\\\/menu\\\/#breadcrumb\",\"itemListElement\":[{\"@type\":\"ListItem\",\"position\":1,\"name\":\"Start\",\"item\":\"https:\\\/\\\/www.spaghetti-und-stars.de\\\/it\\\/\"},{\"@type\":\"ListItem\",\"position\":2,\"name\":\"Menu\"}]},{\"@type\":\"WebSite\",\"@id\":\"https:\\\/\\\/www.spaghetti-und-stars.de\\\/it\\\/#website\",\"url\":\"https:\\\/\\\/www.spaghetti-und-stars.de\\\/it\\\/\",\"name\":\"Spaghetti und Stars\",\"description\":\"Ihr italienisches Restaurant in D\u00fcsseldorf\",\"potentialAction\":[{\"@type\":\"SearchAction\",\"target\":{\"@type\":\"EntryPoint\",\"urlTemplate\":\"https:\\\/\\\/www.spaghetti-und-stars.de\\\/it\\\/?s={search_term_string}\"},\"query-input\":{\"@type\":\"PropertyValueSpecification\",\"valueRequired\":true,\"valueName\":\"search_term_string\"}}],\"inLanguage\":\"it-IT\"}]}<\/script>\n<!-- \/ Yoast SEO plugin. -->","yoast_head_json":{"title":"Menu - Spaghetti und Stars","description":"La gioia del piacere \u00e8 il nostro principio di vita","robots":{"index":"index","follow":"follow","max-snippet":"max-snippet:-1","max-image-preview":"max-image-preview:large","max-video-preview":"max-video-preview:-1"},"canonical":"https:\/\/www.spaghetti-und-stars.de\/it\/menu\/","og_locale":"it_IT","og_type":"article","og_title":"Menu - Spaghetti und Stars","og_description":"La gioia del piacere \u00e8 il nostro principio di vita","og_url":"https:\/\/www.spaghetti-und-stars.de\/it\/menu\/","og_site_name":"Spaghetti und Stars","article_modified_time":"2025-05-26T13:21:22+00:00","og_image":[{"width":1200,"height":800,"url":"https:\/\/www.spaghetti-und-stars.de\/wp-content\/uploads\/2022\/10\/IMG_3759-1200.jpg","type":"image\/jpeg"}],"twitter_card":"summary_large_image","twitter_misc":{"Tempo di lettura stimato":"2 minuti"},"schema":{"@context":"https:\/\/schema.org","@graph":[{"@type":"WebPage","@id":"https:\/\/www.spaghetti-und-stars.de\/it\/menu\/","url":"https:\/\/www.spaghetti-und-stars.de\/it\/menu\/","name":"Menu - Spaghetti und Stars","isPartOf":{"@id":"https:\/\/www.spaghetti-und-stars.de\/it\/#website"},"primaryImageOfPage":{"@id":"https:\/\/www.spaghetti-und-stars.de\/it\/menu\/#primaryimage"},"image":{"@id":"https:\/\/www.spaghetti-und-stars.de\/it\/menu\/#primaryimage"},"thumbnailUrl":"https:\/\/www.spaghetti-und-stars.de\/wp-content\/uploads\/2022\/10\/IMG_3759-1200.jpg","datePublished":"2022-10-13T09:19:28+00:00","dateModified":"2025-05-26T13:21:22+00:00","description":"La gioia del piacere \u00e8 il nostro principio di vita","breadcrumb":{"@id":"https:\/\/www.spaghetti-und-stars.de\/it\/menu\/#breadcrumb"},"inLanguage":"it-IT","potentialAction":[{"@type":"ReadAction","target":["https:\/\/www.spaghetti-und-stars.de\/it\/menu\/"]}]},{"@type":"ImageObject","inLanguage":"it-IT","@id":"https:\/\/www.spaghetti-und-stars.de\/it\/menu\/#primaryimage","url":"https:\/\/www.spaghetti-und-stars.de\/wp-content\/uploads\/2022\/10\/IMG_3759-1200.jpg","contentUrl":"https:\/\/www.spaghetti-und-stars.de\/wp-content\/uploads\/2022\/10\/IMG_3759-1200.jpg","width":1200,"height":800},{"@type":"BreadcrumbList","@id":"https:\/\/www.spaghetti-und-stars.de\/it\/menu\/#breadcrumb","itemListElement":[{"@type":"ListItem","position":1,"name":"Start","item":"https:\/\/www.spaghetti-und-stars.de\/it\/"},{"@type":"ListItem","position":2,"name":"Menu"}]},{"@type":"WebSite","@id":"https:\/\/www.spaghetti-und-stars.de\/it\/#website","url":"https:\/\/www.spaghetti-und-stars.de\/it\/","name":"Spaghetti und Stars","description":"Ihr italienisches Restaurant in D\u00fcsseldorf","potentialAction":[{"@type":"SearchAction","target":{"@type":"EntryPoint","urlTemplate":"https:\/\/www.spaghetti-und-stars.de\/it\/?s={search_term_string}"},"query-input":{"@type":"PropertyValueSpecification","valueRequired":true,"valueName":"search_term_string"}}],"inLanguage":"it-IT"}]}},"_links":{"self":[{"href":"https:\/\/www.spaghetti-und-stars.de\/it\/wp-json\/wp\/v2\/pages\/22991016","targetHints":{"allow":["GET"]}}],"collection":[{"href":"https:\/\/www.spaghetti-und-stars.de\/it\/wp-json\/wp\/v2\/pages"}],"about":[{"href":"https:\/\/www.spaghetti-und-stars.de\/it\/wp-json\/wp\/v2\/types\/page"}],"author":[{"embeddable":true,"href":"https:\/\/www.spaghetti-und-stars.de\/it\/wp-json\/wp\/v2\/users\/1"}],"replies":[{"embeddable":true,"href":"https:\/\/www.spaghetti-und-stars.de\/it\/wp-json\/wp\/v2\/comments?post=22991016"}],"version-history":[{"count":3,"href":"https:\/\/www.spaghetti-und-stars.de\/it\/wp-json\/wp\/v2\/pages\/22991016\/revisions"}],"predecessor-version":[{"id":22991046,"href":"https:\/\/www.spaghetti-und-stars.de\/it\/wp-json\/wp\/v2\/pages\/22991016\/revisions\/22991046"}],"wp:featuredmedia":[{"embeddable":true,"href":"https:\/\/www.spaghetti-und-stars.de\/it\/wp-json\/wp\/v2\/media\/22991021"}],"wp:attachment":[{"href":"https:\/\/www.spaghetti-und-stars.de\/it\/wp-json\/wp\/v2\/media?parent=22991016"}],"wp:term":[{"taxonomy":"dipi_cpt_category","embeddable":true,"href":"https:\/\/www.spaghetti-und-stars.de\/it\/wp-json\/wp\/v2\/dipi_cpt_category?post=22991016"}],"curies":[{"name":"wp","href":"https:\/\/api.w.org\/{rel}","templated":true}]}}