{"id":22991009,"date":"2023-06-20T14:52:25","date_gmt":"2023-06-20T12:52:25","guid":{"rendered":"https:\/\/www.spaghetti-und-stars.de\/weinkarte\/"},"modified":"2025-05-26T15:03:30","modified_gmt":"2025-05-26T13:03:30","slug":"weinkarte","status":"publish","type":"page","link":"https:\/\/www.spaghetti-und-stars.de\/it\/weinkarte\/","title":{"rendered":"Carta dei vini"},"content":{"rendered":"<p>[et_pb_section fb_built=&#8221;1&#8243; fullwidth=&#8221;on&#8221; _builder_version=&#8221;4.18.0&#8243; _module_preset=&#8221;default&#8221; global_colors_info=&#8221;{}&#8221;][et_pb_fullwidth_slider arrows_custom_color=&#8221;#FFFFFF&#8221; dot_nav_custom_color=&#8221;#FFFFFF&#8221; _builder_version=&#8221;4.27.4&#8243; _module_preset=&#8221;default&#8221; header_level=&#8221;h1&#8243; body_font_size=&#8221;18px&#8221; background_color=&#8221;RGBA(255,255,255,0)&#8221; use_background_color_gradient=&#8221;on&#8221; background_color_gradient_stops=&#8221;rgba(43,135,218,0) 0%|rgba(0,0,0,0.5) 100%&#8221; background_color_gradient_overlays_image=&#8221;on&#8221; custom_padding=&#8221;40vh||40vh||true|false&#8221; auto=&#8221;on&#8221; auto_speed=&#8221;4000&#8243; hover_enabled=&#8221;0&#8243; body_font_size_tablet=&#8221;16px&#8221; body_font_size_phone=&#8221;16px&#8221; body_font_size_last_edited=&#8221;on|phone&#8221; global_colors_info=&#8221;{}&#8221; sticky_enabled=&#8221;0&#8243;][et_pb_slide heading=&#8221;Carta dei vini&#8221; _builder_version=&#8221;4.27.4&#8243; _module_preset=&#8221;default&#8221; header_level=&#8221;h1&#8243; background_color=&#8221;#000000&#8243; background_enable_color=&#8221;on&#8221; use_background_color_gradient=&#8221;on&#8221; background_color_gradient_stops=&#8221;rgba(255,255,255,0) 0%|rgba(0,0,0,0.5) 100%&#8221; background_image=&#8221;https:\/\/www.spaghetti-und-stars.de\/wp-content\/uploads\/2022\/10\/getraenkekarte.jpg&#8221; background_enable_image=&#8221;on&#8221; text_orientation=&#8221;center&#8221; hover_enabled=&#8221;0&#8243; custom_css_slide_title=&#8221;animation-name: none;&#8221; custom_css_slide_description=&#8221;animation-name: none;&#8221; global_colors_info=&#8221;{}&#8221; sticky_transition=&#8221;on&#8221; sticky_enabled=&#8221;0&#8243;]<\/p>\n<p>La gioia del piacere \u00e8 il nostro principio di vita<\/p>\n<p>[\/et_pb_slide][et_pb_slide heading=&#8221;Carta dei vini&#8221; _builder_version=&#8221;4.27.4&#8243; _module_preset=&#8221;default&#8221; header_level=&#8221;h1&#8243; background_color=&#8221;#000000&#8243; background_enable_color=&#8221;on&#8221; use_background_color_gradient=&#8221;on&#8221; background_color_gradient_stops=&#8221;rgba(255,255,255,0) 0%|rgba(0,0,0,0.69) 99%&#8221; background_image=&#8221;https:\/\/www.spaghetti-und-stars.de\/wp-content\/uploads\/2023\/07\/weinkarte_01.jpg&#8221; background_enable_image=&#8221;on&#8221; text_orientation=&#8221;center&#8221; hover_enabled=&#8221;0&#8243; custom_css_slide_title=&#8221;animation-name: none;&#8221; custom_css_slide_description=&#8221;animation-name: none;&#8221; global_colors_info=&#8221;{}&#8221; sticky_transition=&#8221;on&#8221; sticky_enabled=&#8221;0&#8243;]<\/p>\n<p>La gioia del piacere \u00e8 il nostro principio di vita<\/p>\n<p>[\/et_pb_slide][et_pb_slide heading=&#8221;Carta dei vini&#8221; _builder_version=&#8221;4.27.4&#8243; _module_preset=&#8221;default&#8221; header_level=&#8221;h1&#8243; background_color=&#8221;#000000&#8243; background_enable_color=&#8221;on&#8221; use_background_color_gradient=&#8221;on&#8221; background_color_gradient_stops=&#8221;rgba(255,255,255,0) 0%|rgba(0,0,0,0.69) 99%&#8221; background_image=&#8221;https:\/\/www.spaghetti-und-stars.de\/wp-content\/uploads\/2023\/07\/weinkarte_02.jpg&#8221; background_enable_image=&#8221;on&#8221; text_orientation=&#8221;center&#8221; hover_enabled=&#8221;0&#8243; custom_css_slide_title=&#8221;animation-name: none;&#8221; custom_css_slide_description=&#8221;animation-name: none;&#8221; global_colors_info=&#8221;{}&#8221; sticky_transition=&#8221;on&#8221; sticky_enabled=&#8221;0&#8243;]<\/p>\n<p>La gioia del piacere \u00e8 il nostro principio di vita<\/p>\n<p>[\/et_pb_slide][et_pb_slide heading=&#8221;Carta dei vini&#8221; _builder_version=&#8221;4.27.4&#8243; _module_preset=&#8221;default&#8221; header_level=&#8221;h1&#8243; background_color=&#8221;#000000&#8243; background_enable_color=&#8221;on&#8221; use_background_color_gradient=&#8221;on&#8221; background_color_gradient_stops=&#8221;rgba(255,255,255,0) 0%|rgba(0,0,0,0.69) 99%&#8221; background_image=&#8221;https:\/\/www.spaghetti-und-stars.de\/wp-content\/uploads\/2023\/07\/weinkarte_04.jpg&#8221; background_enable_image=&#8221;on&#8221; text_orientation=&#8221;center&#8221; hover_enabled=&#8221;0&#8243; custom_css_slide_title=&#8221;animation-name: none;&#8221; custom_css_slide_description=&#8221;animation-name: none;&#8221; global_colors_info=&#8221;{}&#8221; sticky_transition=&#8221;on&#8221; sticky_enabled=&#8221;0&#8243;]<\/p>\n<p>La gioia del piacere \u00e8 il nostro principio di vita<\/p>\n<p>[\/et_pb_slide][\/et_pb_fullwidth_slider][\/et_pb_section][et_pb_section fb_built=&#8221;1&#8243; _builder_version=&#8221;4.19.4&#8243; _module_preset=&#8221;default&#8221; background_image=&#8221;https:\/\/www.spaghetti-und-stars.de\/wp-content\/uploads\/2023\/01\/spaghetti_und_stars_antonio_impagnatiello_background.jpg&#8221; parallax=&#8221;on&#8221; parallax_method=&#8221;off&#8221; global_colors_info=&#8221;{}&#8221;][et_pb_row _builder_version=&#8221;4.18.0&#8243; _module_preset=&#8221;default&#8221; global_colors_info=&#8221;{}&#8221;][et_pb_column type=&#8221;4_4&#8243; _builder_version=&#8221;4.18.0&#8243; _module_preset=&#8221;default&#8221; global_colors_info=&#8221;{}&#8221;][el_restro_menu posts_number=&#8221;20&#8243; post_order_by=&#8221;none&#8221; include_categories=&#8221;126,136,138,145,131&#8243; filterable_menu=&#8221;on&#8221; show_all_items_link=&#8221;off&#8221; show_thumbnail=&#8221;off&#8221; show_ingredients=&#8221;off&#8221; category_background_color=&#8221;#C39B29&#8243; active_category_background_color=&#8221;#FFFFFF&#8221; use_pagination=&#8221;on&#8221; load_more_text=&#8221;Mehr&#8221; show_few_text=&#8221;Weniger&#8221; loader_color=&#8221;#C39B29&#8243; _builder_version=&#8221;4.21.0&#8243; _module_preset=&#8221;default&#8221; category_font=&#8221;|700|||||||&#8221; category_text_color=&#8221;#000000&#8243; category_font_size=&#8221;16px&#8221; active_category_font=&#8221;|700|||||||&#8221; active_category_text_color=&#8221;#000000&#8243; currency_letter_spacing=&#8221;5px&#8221; price_label_font_size=&#8221;12px&#8221; custom_load_more=&#8221;on&#8221; load_more_text_size=&#8221;16px&#8221; load_more_text_color=&#8221;#FFFFFF&#8221; load_more_bg_color=&#8221;#C39B29&#8243; load_more_border_width=&#8221;0px&#8221; load_more_border_radius=&#8221;0px&#8221; load_more_alignment=&#8221;center&#8221; category_font_tablet=&#8221;|700|||||||&#8221; category_font_phone=&#8221;|700|||||||&#8221; category_font_last_edited=&#8221;on|phone&#8221; price_text_color_tablet=&#8221;&#8221; price_text_color_phone=&#8221;&#8221; price_text_color_last_edited=&#8221;on|desktop&#8221; price_font_size_tablet=&#8221;&#8221; price_font_size_phone=&#8221;16px&#8221; price_font_size_last_edited=&#8221;on|tablet&#8221; price_label_font_size_tablet=&#8221;12px&#8221; price_label_font_size_phone=&#8221;10px&#8221; price_label_font_size_last_edited=&#8221;on|tablet&#8221; global_colors_info=&#8221;{}&#8221; category_background_color__hover_enabled=&#8221;on|hover&#8221; category_background_color__hover=&#8221;#FFFFFF&#8221; category_background_enable_color__hover=&#8221;on&#8221;][\/el_restro_menu][\/et_pb_column][\/et_pb_row][\/et_pb_section]<\/p>\n","protected":false},"excerpt":{"rendered":"<p>La gioia del piacere \u00e8 il nostro principio di vitaLa gioia del piacere \u00e8 il nostro principio di vitaLa gioia del piacere \u00e8 il nostro principio di vitaLa gioia del piacere \u00e8 il nostro principio di vita<div class=\"et_pb_module el_restro_menu el_restro_menu_0 \">\n\t\t\t\t\n\t\t\t\t\n\t\t\t\t\n\t\t\t\t\n\t\t\t\t\n\t\t\t\t\n\t\t\t\t<div class=\"et_pb_module_inner\">\n\t\t\t\t\t<div class=\"entry\">\n\t\t\t\t\t\t<h1>No Result Found<\/h1>\n\t\t\t\t\t\t<p>The menu you requested could not be found. Try changing your module settings or create some new menu items.<\/p>\n\t\t\t\t\t<\/div>\n\t\t\t\t<\/div>\n\t\t\t<\/div><\/p>\n","protected":false},"author":1,"featured_media":0,"parent":0,"menu_order":0,"comment_status":"closed","ping_status":"closed","template":"","meta":{"_et_pb_use_builder":"on","_et_pb_old_content":"<p>[et_pb_section fb_built=\"1\" fullwidth=\"on\" _builder_version=\"4.18.0\" _module_preset=\"default\" background_image=\"https:\/\/www.spaghetti-und-stars.de\/wp-content\/uploads\/2022\/10\/IMG_3690-1200.jpg\" parallax=\"on\" parallax_method=\"off\" global_colors_info=\"{}\"][et_pb_fullwidth_header title=\"Getr\u00e4nkekarte\" subhead=\"Die Freude am Genuss ist unser Lebensprinzip\" header_scroll_down=\"on\" scroll_down_icon=\"%%1%%\" _builder_version=\"4.18.0\" _module_preset=\"default\" title_text_align=\"center\" title_font_size=\"100px\" subhead_text_align=\"center\" subhead_font_size=\"20px\" background_enable_color=\"off\" use_background_color_gradient=\"on\" background_color_gradient_stops=\"rgba(255,255,255,0) 0%|rgba(0,0,0,0.81) 100%\" background_color_gradient_overlays_image=\"on\" background_image=\"https:\/\/www.spaghetti-und-stars.de\/wp-content\/uploads\/2022\/10\/getraenkekarte.jpg\" custom_padding=\"30vh||30vh||true|false\" title_font_size_tablet=\"80px\" title_font_size_phone=\"70px\" title_font_size_last_edited=\"on|phone\" subhead_font_size_tablet=\"18px\" subhead_font_size_phone=\"16px\" subhead_font_size_last_edited=\"on|phone\" global_colors_info=\"{}\"][\/et_pb_fullwidth_header][\/et_pb_section][et_pb_section fb_built=\"1\" _builder_version=\"4.19.4\" _module_preset=\"default\" background_image=\"https:\/\/www.spaghetti-und-stars.de\/wp-content\/uploads\/2023\/01\/spaghetti_und_stars_antonio_impagnatiello_background.jpg\" parallax=\"on\" parallax_method=\"off\" hover_enabled=\"0\" global_colors_info=\"{}\" title_text=\"spaghetti_und_stars_antonio_impagnatiello_background\" sticky_enabled=\"0\"][et_pb_row _builder_version=\"4.18.0\" _module_preset=\"default\" global_colors_info=\"{}\"][et_pb_column type=\"4_4\" _builder_version=\"4.18.0\" _module_preset=\"default\" global_colors_info=\"{}\"][el_restro_menu posts_number=\"20\" post_order_by=\"none\" include_categories=\"28,22,26,24,25,30,27,35,37,31,29,36,23,34,32,33,102\" filterable_menu=\"on\" show_all_items_link=\"off\" show_thumbnail=\"off\" show_ingredients=\"off\" category_background_color=\"#C39B29\" active_category_background_color=\"#FFFFFF\" use_pagination=\"on\" load_more_text=\"Mehr\" show_few_text=\"Weniger\" loader_color=\"#C39B29\" _builder_version=\"4.18.1\" _module_preset=\"default\" category_font=\"|700|||||||\" category_text_color=\"#000000\" category_font_size=\"16px\" active_category_font=\"|700|||||||\" active_category_text_color=\"#000000\" currency_letter_spacing=\"5px\" price_label_font_size=\"12px\" custom_load_more=\"on\" load_more_text_size=\"16px\" load_more_text_color=\"#FFFFFF\" load_more_bg_color=\"#C39B29\" load_more_border_width=\"0px\" load_more_border_radius=\"0px\" load_more_alignment=\"center\" global_colors_info=\"{}\" category_background_color__hover_enabled=\"on|hover\" category_background_color__hover=\"#FFFFFF\" category_background_enable_color__hover=\"on\"][\/el_restro_menu][\/et_pb_column][\/et_pb_row][\/et_pb_section]<\/p>","_et_gb_content_width":"","footnotes":""},"dipi_cpt_category":[],"class_list":["post-22991009","page","type-page","status-publish","hentry"],"yoast_head":"<!-- This site is optimized with the Yoast SEO plugin v27.4 - https:\/\/yoast.com\/product\/yoast-seo-wordpress\/ -->\n<title>Carta dei vini - Spaghetti und Stars<\/title>\n<meta name=\"description\" content=\"Un buon pasto ha bisogno di un buon vino, e nella nostra ampia carta dei vini ce n&#039;\u00e8 per tutti i gusti.\" \/>\n<meta name=\"robots\" content=\"index, follow, max-snippet:-1, max-image-preview:large, max-video-preview:-1\" \/>\n<link rel=\"canonical\" href=\"https:\/\/www.spaghetti-und-stars.de\/it\/weinkarte\/\" \/>\n<meta property=\"og:locale\" content=\"it_IT\" \/>\n<meta property=\"og:type\" content=\"article\" \/>\n<meta property=\"og:title\" content=\"Carta dei vini - Spaghetti und Stars\" \/>\n<meta property=\"og:description\" content=\"Un buon pasto ha bisogno di un buon vino, e nella nostra ampia carta dei vini ce n&#039;\u00e8 per tutti i gusti.\" \/>\n<meta property=\"og:url\" content=\"https:\/\/www.spaghetti-und-stars.de\/it\/weinkarte\/\" \/>\n<meta property=\"og:site_name\" content=\"Spaghetti und Stars\" \/>\n<meta property=\"article:modified_time\" content=\"2025-05-26T13:03:30+00:00\" \/>\n<meta name=\"twitter:card\" content=\"summary_large_image\" \/>\n<meta name=\"twitter:label1\" content=\"Tempo di lettura stimato\" \/>\n\t<meta name=\"twitter:data1\" content=\"3 minuti\" \/>\n<script type=\"application\/ld+json\" class=\"yoast-schema-graph\">{\"@context\":\"https:\\\/\\\/schema.org\",\"@graph\":[{\"@type\":\"WebPage\",\"@id\":\"https:\\\/\\\/www.spaghetti-und-stars.de\\\/it\\\/weinkarte\\\/\",\"url\":\"https:\\\/\\\/www.spaghetti-und-stars.de\\\/it\\\/weinkarte\\\/\",\"name\":\"Carta dei vini - Spaghetti und Stars\",\"isPartOf\":{\"@id\":\"https:\\\/\\\/www.spaghetti-und-stars.de\\\/it\\\/#website\"},\"datePublished\":\"2023-06-20T12:52:25+00:00\",\"dateModified\":\"2025-05-26T13:03:30+00:00\",\"description\":\"Un buon pasto ha bisogno di un buon vino, e nella nostra ampia carta dei vini ce n'\u00e8 per tutti i gusti.\",\"breadcrumb\":{\"@id\":\"https:\\\/\\\/www.spaghetti-und-stars.de\\\/it\\\/weinkarte\\\/#breadcrumb\"},\"inLanguage\":\"it-IT\",\"potentialAction\":[{\"@type\":\"ReadAction\",\"target\":[\"https:\\\/\\\/www.spaghetti-und-stars.de\\\/it\\\/weinkarte\\\/\"]}]},{\"@type\":\"BreadcrumbList\",\"@id\":\"https:\\\/\\\/www.spaghetti-und-stars.de\\\/it\\\/weinkarte\\\/#breadcrumb\",\"itemListElement\":[{\"@type\":\"ListItem\",\"position\":1,\"name\":\"Start\",\"item\":\"https:\\\/\\\/www.spaghetti-und-stars.de\\\/it\\\/\"},{\"@type\":\"ListItem\",\"position\":2,\"name\":\"Carta dei vini\"}]},{\"@type\":\"WebSite\",\"@id\":\"https:\\\/\\\/www.spaghetti-und-stars.de\\\/it\\\/#website\",\"url\":\"https:\\\/\\\/www.spaghetti-und-stars.de\\\/it\\\/\",\"name\":\"Spaghetti und Stars\",\"description\":\"Ihr italienisches Restaurant in D\u00fcsseldorf\",\"potentialAction\":[{\"@type\":\"SearchAction\",\"target\":{\"@type\":\"EntryPoint\",\"urlTemplate\":\"https:\\\/\\\/www.spaghetti-und-stars.de\\\/it\\\/?s={search_term_string}\"},\"query-input\":{\"@type\":\"PropertyValueSpecification\",\"valueRequired\":true,\"valueName\":\"search_term_string\"}}],\"inLanguage\":\"it-IT\"}]}<\/script>\n<!-- \/ Yoast SEO plugin. -->","yoast_head_json":{"title":"Carta dei vini - Spaghetti und Stars","description":"Un buon pasto ha bisogno di un buon vino, e nella nostra ampia carta dei vini ce n'\u00e8 per tutti i gusti.","robots":{"index":"index","follow":"follow","max-snippet":"max-snippet:-1","max-image-preview":"max-image-preview:large","max-video-preview":"max-video-preview:-1"},"canonical":"https:\/\/www.spaghetti-und-stars.de\/it\/weinkarte\/","og_locale":"it_IT","og_type":"article","og_title":"Carta dei vini - Spaghetti und Stars","og_description":"Un buon pasto ha bisogno di un buon vino, e nella nostra ampia carta dei vini ce n'\u00e8 per tutti i gusti.","og_url":"https:\/\/www.spaghetti-und-stars.de\/it\/weinkarte\/","og_site_name":"Spaghetti und Stars","article_modified_time":"2025-05-26T13:03:30+00:00","twitter_card":"summary_large_image","twitter_misc":{"Tempo di lettura stimato":"3 minuti"},"schema":{"@context":"https:\/\/schema.org","@graph":[{"@type":"WebPage","@id":"https:\/\/www.spaghetti-und-stars.de\/it\/weinkarte\/","url":"https:\/\/www.spaghetti-und-stars.de\/it\/weinkarte\/","name":"Carta dei vini - Spaghetti und Stars","isPartOf":{"@id":"https:\/\/www.spaghetti-und-stars.de\/it\/#website"},"datePublished":"2023-06-20T12:52:25+00:00","dateModified":"2025-05-26T13:03:30+00:00","description":"Un buon pasto ha bisogno di un buon vino, e nella nostra ampia carta dei vini ce n'\u00e8 per tutti i gusti.","breadcrumb":{"@id":"https:\/\/www.spaghetti-und-stars.de\/it\/weinkarte\/#breadcrumb"},"inLanguage":"it-IT","potentialAction":[{"@type":"ReadAction","target":["https:\/\/www.spaghetti-und-stars.de\/it\/weinkarte\/"]}]},{"@type":"BreadcrumbList","@id":"https:\/\/www.spaghetti-und-stars.de\/it\/weinkarte\/#breadcrumb","itemListElement":[{"@type":"ListItem","position":1,"name":"Start","item":"https:\/\/www.spaghetti-und-stars.de\/it\/"},{"@type":"ListItem","position":2,"name":"Carta dei vini"}]},{"@type":"WebSite","@id":"https:\/\/www.spaghetti-und-stars.de\/it\/#website","url":"https:\/\/www.spaghetti-und-stars.de\/it\/","name":"Spaghetti und Stars","description":"Ihr italienisches Restaurant in D\u00fcsseldorf","potentialAction":[{"@type":"SearchAction","target":{"@type":"EntryPoint","urlTemplate":"https:\/\/www.spaghetti-und-stars.de\/it\/?s={search_term_string}"},"query-input":{"@type":"PropertyValueSpecification","valueRequired":true,"valueName":"search_term_string"}}],"inLanguage":"it-IT"}]}},"_links":{"self":[{"href":"https:\/\/www.spaghetti-und-stars.de\/it\/wp-json\/wp\/v2\/pages\/22991009","targetHints":{"allow":["GET"]}}],"collection":[{"href":"https:\/\/www.spaghetti-und-stars.de\/it\/wp-json\/wp\/v2\/pages"}],"about":[{"href":"https:\/\/www.spaghetti-und-stars.de\/it\/wp-json\/wp\/v2\/types\/page"}],"author":[{"embeddable":true,"href":"https:\/\/www.spaghetti-und-stars.de\/it\/wp-json\/wp\/v2\/users\/1"}],"replies":[{"embeddable":true,"href":"https:\/\/www.spaghetti-und-stars.de\/it\/wp-json\/wp\/v2\/comments?post=22991009"}],"version-history":[{"count":3,"href":"https:\/\/www.spaghetti-und-stars.de\/it\/wp-json\/wp\/v2\/pages\/22991009\/revisions"}],"predecessor-version":[{"id":22991028,"href":"https:\/\/www.spaghetti-und-stars.de\/it\/wp-json\/wp\/v2\/pages\/22991009\/revisions\/22991028"}],"wp:attachment":[{"href":"https:\/\/www.spaghetti-und-stars.de\/it\/wp-json\/wp\/v2\/media?parent=22991009"}],"wp:term":[{"taxonomy":"dipi_cpt_category","embeddable":true,"href":"https:\/\/www.spaghetti-und-stars.de\/it\/wp-json\/wp\/v2\/dipi_cpt_category?post=22991009"}],"curies":[{"name":"wp","href":"https:\/\/api.w.org\/{rel}","templated":true}]}}