{"id":22990744,"date":"2023-12-08T13:39:31","date_gmt":"2023-12-08T12:39:31","guid":{"rendered":"https:\/\/www.spaghetti-und-stars.de\/widerruf_fuer_digitale_inhalte\/"},"modified":"2025-02-21T13:31:22","modified_gmt":"2025-02-21T12:31:22","slug":"revoca-per-i-contenuti-digitali","status":"publish","type":"page","link":"https:\/\/www.spaghetti-und-stars.de\/it\/revoca-per-i-contenuti-digitali\/","title":{"rendered":"Revoca per i contenuti digitali"},"content":{"rendered":"<p>[et_pb_section fb_built=&#8221;1&#8243; _builder_version=&#8221;4.23.4&#8243; background_color=&#8221;#000000&#8243; custom_padding=&#8221;150px||||false|false&#8221; global_colors_info=&#8221;{}&#8221;][et_pb_row _builder_version=&#8221;4.16&#8243; background_size=&#8221;initial&#8221; background_position=&#8221;top_left&#8221; background_repeat=&#8221;repeat&#8221; global_colors_info=&#8221;{}&#8221;][et_pb_column type=&#8221;4_4&#8243; _builder_version=&#8221;4.16&#8243; custom_padding=&#8221;|||&#8221; global_colors_info=&#8221;{}&#8221; custom_padding__hover=&#8221;|||&#8221;][et_pb_text _builder_version=&#8221;4.27.4&#8243; background_size=&#8221;initial&#8221; background_position=&#8221;top_left&#8221; background_repeat=&#8221;repeat&#8221; hover_enabled=&#8221;0&#8243; global_colors_info=&#8221;{}&#8221; sticky_enabled=&#8221;0&#8243;]<\/p>\n<h1>Politica di cancellazione<\/h1>\n<h3>per un contratto di fornitura di contenuti digitali (voucher) non forniti su un supporto fisico di dati<\/h3>\n<p><em>Politica di cancellazione<\/em><br \/>Il consumatore \u00e8 una persona fisica che conclude un negozio giuridico per scopi prevalentemente estranei alla propria attivit\u00e0 commerciale, imprenditoriale o professionale.<\/p>\n<p><em>Diritto di cancellazione<\/em><br \/>Il cliente ha il diritto di annullare il presente contratto entro quattordici giorni senza fornire alcuna motivazione. Il termine di recesso \u00e8 di quattordici giorni dalla data di conclusione del contratto. Per esercitare il diritto di recesso, dovete informarci (Spaghetti &amp; Stars GmbH, Hansaallee 1a, 40549 D\u00fcsseldorf, Tel. 0211-98912-444, E-Mail: info@spaghetti-und-stars.de) della vostra decisione di recedere dal presente contratto con una dichiarazione chiara (ad esempio una lettera inviata per posta o un&#8217;e-mail). \u00c8 possibile utilizzare il modulo di cancellazione allegato, ma non \u00e8 obbligatorio. Per rispettare il termine di cancellazione, \u00e8 sufficiente inviare la comunicazione relativa all&#8217;esercizio del diritto di cancellazione prima della scadenza del periodo di cancellazione.<\/p>\n<p><em>Conseguenze del recesso<\/em><br \/>e recedete dal presente contratto, vi rimborseremo tutti i pagamenti da voi ricevuti, compresi i costi di consegna (ad eccezione dei costi supplementari derivanti dalla vostra scelta di un tipo di consegna diverso dal tipo meno costoso di consegna standard da noi offerto), senza indebito ritardo e in ogni caso non oltre 14 giorni dal giorno in cui siamo stati informati della vostra decisione di recedere dal presente contratto. Per il rimborso utilizzeremo lo stesso mezzo di pagamento utilizzato per la transazione originaria, a meno che non sia stato espressamente concordato diversamente con voi; in nessun caso vi saranno addebitate spese per il rimborso.<\/p>\n<p><em>Esempio di modulo di cancellazione<\/em><br \/>(Se si desidera annullare il contratto, si prega di compilare questo modulo e di restituirlo).<br \/>&#8211; A [Spaghetti &amp; Stars GmbH, Hansaallee 1a, 40549 D\u00fcsseldorf, Tel. 0211-98912-444, E-Mail: info@spaghetti-und-stars.de]:<br \/>&#8211; Con la presente io\/noi (*) revochiamo il contratto stipulato da me\/noi (*) per l&#8217;acquisto della seguente merce (*)\/la fornitura del seguente servizio (*)<br \/>&#8211; Ordinato il (*)\/ricevuto il (*)<br \/>&#8211; Nome del\/dei consumatore\/i<br \/>&#8211; Indirizzo del\/dei consumatore\/i<br \/>&#8211; Firma del\/dei consumatore\/i (solo per la notifica su carta)<br \/>&#8211; Data(e)<br \/>&#8212;&#8212;&#8212;&#8212;&#8212;&#8212;&#8212;&#8212;&#8212;&#8212;&#8212;&#8212;&#8212;<br \/>(*) Cancellare la dicitura inutile.<\/p>\n<p><em>Esclusione o scadenza anticipata del diritto di recesso<\/em><br \/>Il diritto di recesso non si applica ai contratti per la fornitura di contenuti digitali non prefabbricati e per la cui produzione \u00e8 determinante la scelta o la determinazione individuale da parte del consumatore o che sono chiaramente adattati alle esigenze personali del consumatore.<br \/>Il diritto di recesso si estingue anticipatamente se abbiamo iniziato a eseguire il contratto solo dopo che: a) avete dato il vostro consenso esplicito e allo stesso tempo avete confermato di essere a conoscenza del fatto che perderete il diritto di recesso quando inizieremo a eseguire il contratto e b) abbiamo messo a vostra disposizione il contenuto della vostra dichiarazione su un supporto durevole entro un periodo di tempo ragionevole dalla conclusione del contratto, ma al pi\u00f9 tardi al momento della consegna della merce o prima dell&#8217;inizio dell&#8217;esecuzione del servizio. Desideriamo sottolineare che possiamo subordinare la conclusione del contratto al consenso e alla conferma di cui sopra. Il diritto di recesso si estingue anticipatamente se abbiamo iniziato l&#8217;esecuzione del contratto solo dopo che il cliente ha dato il suo esplicito consenso e allo stesso tempo ha confermato di essere a conoscenza del fatto che perder\u00e0 il diritto di recesso quando inizieremo l&#8217;esecuzione del contratto. Desideriamo sottolineare che possiamo far dipendere la conclusione del contratto dal consenso e dalla conferma di cui sopra.<\/p>\n<p>[\/et_pb_text][\/et_pb_column][\/et_pb_row][\/et_pb_section]<\/p>\n","protected":false},"excerpt":{"rendered":"<p>Politica di cancellazione per un contratto di fornitura di contenuti digitali (voucher) non forniti su un supporto fisico di dati Politica di cancellazioneIl consumatore \u00e8 una persona fisica che conclude un negozio giuridico per scopi prevalentemente estranei alla propria attivit\u00e0 commerciale, imprenditoriale o professionale. Diritto di cancellazioneIl cliente ha il diritto di annullare il presente [&hellip;]<\/p>\n","protected":false},"author":1,"featured_media":0,"parent":0,"menu_order":0,"comment_status":"closed","ping_status":"closed","template":"","meta":{"_et_pb_use_builder":"on","_et_pb_old_content":"<p><strong>Widerrufsbelehrung f\u00fcr einen Vertrag \u00fcber die Lieferung von digitalen Inhalten, die nicht auf einem k\u00f6rperlichen Datentr\u00e4ger geliefert werden<\/strong><br \/><em>Widerrufsbelehrung<\/em><br \/>Verbraucher ist jede nat\u00fcrliche Person, die ein Rechtsgesch\u00e4ft zu Zwecken abschlie\u00dft, die \u00fcberwiegend weder ihrer gewerblichen noch ihrer selbst\u00e4ndigen beruflichen T\u00e4tigkeit zugerechnet werden k\u00f6nnen.<\/p><p><em>Widerrufsrecht<\/em><br \/>Sie haben das Recht, binnen vierzehn Tagen ohne Angabe von Gr\u00fcnden diesen Vertrag zu widerrufen. Die Widerrufsfrist betr\u00e4gt vierzehn Tage ab dem Tag des Vertragsschlusses. Um Ihr Widerrufsrecht auszu\u00fcben, m\u00fcssen Sie uns (SPAGHETTI UND STARS GMBH, Hansaallee 1a, 40549 D\u00fcsseldorf,\u00a0Tel. 0211-98912-444, E-Mail: info@spaghetti-und-stars.de) mittels einer eindeutigen Erkl\u00e4rung (z.B. ein mit der Post versandter Brief, oder eine E-Mail) \u00fcber Ihren Entschluss, diesen Vertrag zu widerrufen, informieren. Sie k\u00f6nnen daf\u00fcr das beigef\u00fcgte Muster-Widerrufsformular verwenden, das jedoch nicht vorgeschrieben ist. Zur Wahrung der Widerrufsfrist reicht es aus, dass Sie die Mitteilung \u00fcber die Aus\u00fcbung des Widerrufsrechts vor Ablauf der Widerrufsfrist absenden.<\/p><p><em>Folgen des Widerrufs<\/em><br \/>Wenn Sie diesen Vertrag widerrufen, haben wir Ihnen alle Zahlungen, die wir von Ihnen erhalten haben, einschlie\u00dflich der Lieferkosten (mit Ausnahme der zus\u00e4tzlichen Kosten, die sich daraus ergeben, dass Sie eine andere Art der Lieferung als die von uns angebotene, g\u00fcnstigste Standardlieferung gew\u00e4hlt haben), unverz\u00fcglich und sp\u00e4testens binnen vierzehn Tagen ab dem Tag zur\u00fcckzuzahlen, an dem die Mitteilung \u00fcber Ihren Widerruf dieses Vertrags bei uns eingegangen ist. F\u00fcr diese R\u00fcckzahlung verwenden wir dasselbe Zahlungsmittel, das Sie bei der urspr\u00fcnglichen Transaktion eingesetzt haben, es sei denn, mit Ihnen wurde ausdr\u00fccklich etwas anderes vereinbart; in keinem Fall werden Ihnen wegen dieser R\u00fcckzahlung Entgelte berechnet.<\/p><p><em>Muster-Widerrufsformular<\/em><br \/>(Wenn Sie den Vertrag widerrufen wollen, dann f\u00fcllen Sie bitte dieses Formular aus und senden Sie es zur\u00fcck.)<br \/>- An [SPAGHETTI UND STARS GMBH, Hansaallee 1a, 40549 D\u00fcsseldorf, Tel. 0211-98912-444, E-Mail: info@spaghetti-und-stars.de]:<br \/>- Hiermit widerrufe(n) ich\/wir (*) den von mir\/uns (*) abgeschlossenen Vertrag \u00fcber den Kauf der folgenden Waren (*)\/ die Erbringung der folgenden Dienstleistung (*)<br \/>- Bestellt am (*)\/erhalten am (*)<br \/>- Name des\/der Verbraucher(s)<br \/>- Anschrift des\/der Verbraucher(s)<br \/>- Unterschrift des\/der Verbraucher(s) (nur bei Mitteilung auf Papier)<br \/>- Datum<br \/>---------------------------------------<br \/>(*) Unzutreffendes streichen.<\/p><p><em>Ausschluss bzw. vorzeitiges Erl\u00f6schen des Widerrufsrechts<\/em><br \/>Das Widerrufsrecht besteht nicht bei Vertr\u00e4gen zur Lieferung von digitalen Inhalten, die nicht vorgefertigt sind und f\u00fcr deren Herstellung eine individuelle Auswahl oder Bestimmung durch den Verbraucher ma\u00dfgeblich ist oder die eindeutig auf die pers\u00f6nlichen Bed\u00fcrfnisse des Verbrauchers zugeschnitten sind.<br \/>Das Widerrufsrecht erlischt vorzeitig, wenn wir mit der Ausf\u00fchrung des Vertrages erst begonnen haben, nachdem Sie a) dazu Ihre ausdr\u00fcckliche Zustimmung gegeben und gleichzeitig Ihre Kenntnis davon best\u00e4tigt haben, dass Sie Ihr Widerrufsrecht mit Beginn der Vertragserf\u00fcllung unsererseits verlieren sowie b) wir Ihnen den Inhalt Ihrer Erkl\u00e4rung innerhalb einer angemessenen Frist nach Vertragsschluss, sp\u00e4testens jedoch bei der Lieferung der Ware oder bevor mit der Ausf\u00fchrung der Dienstleistung begonnen wird, auf einem dauerhaften Datentr\u00e4ger zur Verf\u00fcgung gestellt haben. Wir weisen darauf hin, dass wir den Vertragsschluss von der vorgenannten Zustimmung und Best\u00e4tigung abh\u00e4ngig machen k\u00f6nnen. Das Widerrufsrecht erlischt vorzeitig, wenn wir mit der Ausf\u00fchrung des Vertrages erst begonnen haben, nachdem Sie dazu Ihre ausdr\u00fcckliche Zustimmung gegeben und gleichzeitig Ihre Kenntnis davon best\u00e4tigt haben, dass Sie Ihr Widerrufsrecht mit Beginn der Vertragserf\u00fcllung unsererseits verlieren. Wir weisen darauf hin, dass wir den Vertragsschluss von der vorgenannten Zustimmung und Best\u00e4tigung abh\u00e4ngig machen k\u00f6nnen.<\/p>","_et_gb_content_width":"","footnotes":""},"dipi_cpt_category":[],"class_list":["post-22990744","page","type-page","status-publish","hentry"],"yoast_head":"<!-- This site is optimized with the Yoast SEO plugin v27.4 - https:\/\/yoast.com\/product\/yoast-seo-wordpress\/ -->\n<title>Revoca per i contenuti digitali - Spaghetti und Stars<\/title>\n<meta name=\"robots\" content=\"index, follow, max-snippet:-1, max-image-preview:large, max-video-preview:-1\" \/>\n<link rel=\"canonical\" href=\"https:\/\/www.spaghetti-und-stars.de\/it\/revoca-per-i-contenuti-digitali\/\" \/>\n<meta property=\"og:locale\" content=\"it_IT\" \/>\n<meta property=\"og:type\" content=\"article\" \/>\n<meta property=\"og:title\" content=\"Revoca per i contenuti digitali - Spaghetti und Stars\" \/>\n<meta property=\"og:description\" content=\"Politica di cancellazione per un contratto di fornitura di contenuti digitali (voucher) non forniti su un supporto fisico di dati Politica di cancellazioneIl consumatore \u00e8 una persona fisica che conclude un negozio giuridico per scopi prevalentemente estranei alla propria attivit\u00e0 commerciale, imprenditoriale o professionale. Diritto di cancellazioneIl cliente ha il diritto di annullare il presente [&hellip;]\" \/>\n<meta property=\"og:url\" content=\"https:\/\/www.spaghetti-und-stars.de\/it\/revoca-per-i-contenuti-digitali\/\" \/>\n<meta property=\"og:site_name\" content=\"Spaghetti und Stars\" \/>\n<meta property=\"article:modified_time\" content=\"2025-02-21T12:31:22+00:00\" \/>\n<meta name=\"twitter:card\" content=\"summary_large_image\" \/>\n<meta name=\"twitter:label1\" content=\"Tempo di lettura stimato\" \/>\n\t<meta name=\"twitter:data1\" content=\"4 minuti\" \/>\n<script type=\"application\/ld+json\" class=\"yoast-schema-graph\">{\"@context\":\"https:\\\/\\\/schema.org\",\"@graph\":[{\"@type\":\"WebPage\",\"@id\":\"https:\\\/\\\/www.spaghetti-und-stars.de\\\/it\\\/revoca-per-i-contenuti-digitali\\\/\",\"url\":\"https:\\\/\\\/www.spaghetti-und-stars.de\\\/it\\\/revoca-per-i-contenuti-digitali\\\/\",\"name\":\"Revoca per i contenuti digitali - Spaghetti und Stars\",\"isPartOf\":{\"@id\":\"https:\\\/\\\/www.spaghetti-und-stars.de\\\/it\\\/#website\"},\"datePublished\":\"2023-12-08T12:39:31+00:00\",\"dateModified\":\"2025-02-21T12:31:22+00:00\",\"breadcrumb\":{\"@id\":\"https:\\\/\\\/www.spaghetti-und-stars.de\\\/it\\\/revoca-per-i-contenuti-digitali\\\/#breadcrumb\"},\"inLanguage\":\"it-IT\",\"potentialAction\":[{\"@type\":\"ReadAction\",\"target\":[\"https:\\\/\\\/www.spaghetti-und-stars.de\\\/it\\\/revoca-per-i-contenuti-digitali\\\/\"]}]},{\"@type\":\"BreadcrumbList\",\"@id\":\"https:\\\/\\\/www.spaghetti-und-stars.de\\\/it\\\/revoca-per-i-contenuti-digitali\\\/#breadcrumb\",\"itemListElement\":[{\"@type\":\"ListItem\",\"position\":1,\"name\":\"Start\",\"item\":\"https:\\\/\\\/www.spaghetti-und-stars.de\\\/it\\\/\"},{\"@type\":\"ListItem\",\"position\":2,\"name\":\"Revoca per i contenuti digitali\"}]},{\"@type\":\"WebSite\",\"@id\":\"https:\\\/\\\/www.spaghetti-und-stars.de\\\/it\\\/#website\",\"url\":\"https:\\\/\\\/www.spaghetti-und-stars.de\\\/it\\\/\",\"name\":\"Spaghetti und Stars\",\"description\":\"Ihr italienisches Restaurant in D\u00fcsseldorf\",\"potentialAction\":[{\"@type\":\"SearchAction\",\"target\":{\"@type\":\"EntryPoint\",\"urlTemplate\":\"https:\\\/\\\/www.spaghetti-und-stars.de\\\/it\\\/?s={search_term_string}\"},\"query-input\":{\"@type\":\"PropertyValueSpecification\",\"valueRequired\":true,\"valueName\":\"search_term_string\"}}],\"inLanguage\":\"it-IT\"}]}<\/script>\n<!-- \/ Yoast SEO plugin. -->","yoast_head_json":{"title":"Revoca per i contenuti digitali - Spaghetti und Stars","robots":{"index":"index","follow":"follow","max-snippet":"max-snippet:-1","max-image-preview":"max-image-preview:large","max-video-preview":"max-video-preview:-1"},"canonical":"https:\/\/www.spaghetti-und-stars.de\/it\/revoca-per-i-contenuti-digitali\/","og_locale":"it_IT","og_type":"article","og_title":"Revoca per i contenuti digitali - Spaghetti und Stars","og_description":"Politica di cancellazione per un contratto di fornitura di contenuti digitali (voucher) non forniti su un supporto fisico di dati Politica di cancellazioneIl consumatore \u00e8 una persona fisica che conclude un negozio giuridico per scopi prevalentemente estranei alla propria attivit\u00e0 commerciale, imprenditoriale o professionale. Diritto di cancellazioneIl cliente ha il diritto di annullare il presente [&hellip;]","og_url":"https:\/\/www.spaghetti-und-stars.de\/it\/revoca-per-i-contenuti-digitali\/","og_site_name":"Spaghetti und Stars","article_modified_time":"2025-02-21T12:31:22+00:00","twitter_card":"summary_large_image","twitter_misc":{"Tempo di lettura stimato":"4 minuti"},"schema":{"@context":"https:\/\/schema.org","@graph":[{"@type":"WebPage","@id":"https:\/\/www.spaghetti-und-stars.de\/it\/revoca-per-i-contenuti-digitali\/","url":"https:\/\/www.spaghetti-und-stars.de\/it\/revoca-per-i-contenuti-digitali\/","name":"Revoca per i contenuti digitali - Spaghetti und Stars","isPartOf":{"@id":"https:\/\/www.spaghetti-und-stars.de\/it\/#website"},"datePublished":"2023-12-08T12:39:31+00:00","dateModified":"2025-02-21T12:31:22+00:00","breadcrumb":{"@id":"https:\/\/www.spaghetti-und-stars.de\/it\/revoca-per-i-contenuti-digitali\/#breadcrumb"},"inLanguage":"it-IT","potentialAction":[{"@type":"ReadAction","target":["https:\/\/www.spaghetti-und-stars.de\/it\/revoca-per-i-contenuti-digitali\/"]}]},{"@type":"BreadcrumbList","@id":"https:\/\/www.spaghetti-und-stars.de\/it\/revoca-per-i-contenuti-digitali\/#breadcrumb","itemListElement":[{"@type":"ListItem","position":1,"name":"Start","item":"https:\/\/www.spaghetti-und-stars.de\/it\/"},{"@type":"ListItem","position":2,"name":"Revoca per i contenuti digitali"}]},{"@type":"WebSite","@id":"https:\/\/www.spaghetti-und-stars.de\/it\/#website","url":"https:\/\/www.spaghetti-und-stars.de\/it\/","name":"Spaghetti und Stars","description":"Ihr italienisches Restaurant in D\u00fcsseldorf","potentialAction":[{"@type":"SearchAction","target":{"@type":"EntryPoint","urlTemplate":"https:\/\/www.spaghetti-und-stars.de\/it\/?s={search_term_string}"},"query-input":{"@type":"PropertyValueSpecification","valueRequired":true,"valueName":"search_term_string"}}],"inLanguage":"it-IT"}]}},"_links":{"self":[{"href":"https:\/\/www.spaghetti-und-stars.de\/it\/wp-json\/wp\/v2\/pages\/22990744","targetHints":{"allow":["GET"]}}],"collection":[{"href":"https:\/\/www.spaghetti-und-stars.de\/it\/wp-json\/wp\/v2\/pages"}],"about":[{"href":"https:\/\/www.spaghetti-und-stars.de\/it\/wp-json\/wp\/v2\/types\/page"}],"author":[{"embeddable":true,"href":"https:\/\/www.spaghetti-und-stars.de\/it\/wp-json\/wp\/v2\/users\/1"}],"replies":[{"embeddable":true,"href":"https:\/\/www.spaghetti-und-stars.de\/it\/wp-json\/wp\/v2\/comments?post=22990744"}],"version-history":[{"count":3,"href":"https:\/\/www.spaghetti-und-stars.de\/it\/wp-json\/wp\/v2\/pages\/22990744\/revisions"}],"predecessor-version":[{"id":22990750,"href":"https:\/\/www.spaghetti-und-stars.de\/it\/wp-json\/wp\/v2\/pages\/22990744\/revisions\/22990750"}],"wp:attachment":[{"href":"https:\/\/www.spaghetti-und-stars.de\/it\/wp-json\/wp\/v2\/media?parent=22990744"}],"wp:term":[{"taxonomy":"dipi_cpt_category","embeddable":true,"href":"https:\/\/www.spaghetti-und-stars.de\/it\/wp-json\/wp\/v2\/dipi_cpt_category?post=22990744"}],"curies":[{"name":"wp","href":"https:\/\/api.w.org\/{rel}","templated":true}]}}