{"id":22990739,"date":"2023-12-08T13:39:51","date_gmt":"2023-12-08T12:39:51","guid":{"rendered":"https:\/\/www.spaghetti-und-stars.de\/zahlungsweisen\/"},"modified":"2025-02-21T13:16:51","modified_gmt":"2025-02-21T12:16:51","slug":"metodi-di-pagamento","status":"publish","type":"page","link":"https:\/\/www.spaghetti-und-stars.de\/it\/metodi-di-pagamento\/","title":{"rendered":"Metodi di pagamento"},"content":{"rendered":"<p>[et_pb_section fb_built=&#8221;1&#8243; _builder_version=&#8221;4.23.4&#8243; background_color=&#8221;#000000&#8243; custom_padding=&#8221;150px||||false|false&#8221; global_colors_info=&#8221;{}&#8221;][et_pb_row _builder_version=&#8221;4.16&#8243; background_size=&#8221;initial&#8221; background_position=&#8221;top_left&#8221; background_repeat=&#8221;repeat&#8221; global_colors_info=&#8221;{}&#8221;][et_pb_column type=&#8221;4_4&#8243; _builder_version=&#8221;4.16&#8243; custom_padding=&#8221;|||&#8221; global_colors_info=&#8221;{}&#8221; custom_padding__hover=&#8221;|||&#8221;][et_pb_text _builder_version=&#8221;4.27.4&#8243; background_size=&#8221;initial&#8221; background_position=&#8221;top_left&#8221; background_repeat=&#8221;repeat&#8221; global_colors_info=&#8221;{}&#8221;]<\/p>\n<h1>Metodi di pagamento<\/h1>\n<p>Offriamo i seguenti metodi di pagamento. Scegliete semplicemente il metodo di pagamento pi\u00f9 adatto a voi. Le spese di spedizione dipendono in parte dal metodo di pagamento selezionato. I prezzi indicati nelle rispettive offerte sono prezzi finali. Includono tutte le componenti del prezzo, comprese le tasse applicabili, come l&#8217;IVA. Solo in caso di consegne transfrontaliere, l&#8217;utente pu\u00f2 essere tenuto a pagare ulteriori tasse (ad esempio, in caso di acquisto intracomunitario) e\/o dazi (ad esempio, dazi doganali), ma non al venditore, bens\u00ec alle autorit\u00e0 doganali o fiscali competenti. Le spese di consegna e spedizione non sono incluse nel prezzo d&#8217;acquisto; possono essere richiamate tramite la pagina \u201cSpese di spedizione\u201d, sono indicate separatamente durante il processo d&#8217;ordine e sono a carico dell&#8217;utente.<\/p>\n<p><em>PayPal<\/em><\/p>\n<p>Pagate in modo ancora pi\u00f9 veloce e sicuro con il vostro conto PayPal.<\/p>\n<div class=\"et_pb_blurb_container\">\n<div class=\"et_pb_blurb_description\">\n<p>&nbsp;<\/p>\n<\/div>\n<\/div>\n<p>[\/et_pb_text][\/et_pb_column][\/et_pb_row][\/et_pb_section]<\/p>\n","protected":false},"excerpt":{"rendered":"<p>Metodi di pagamento Offriamo i seguenti metodi di pagamento. Scegliete semplicemente il metodo di pagamento pi\u00f9 adatto a voi. Le spese di spedizione dipendono in parte dal metodo di pagamento selezionato. I prezzi indicati nelle rispettive offerte sono prezzi finali. Includono tutte le componenti del prezzo, comprese le tasse applicabili, come l&#8217;IVA. Solo in caso [&hellip;]<\/p>\n","protected":false},"author":1,"featured_media":0,"parent":0,"menu_order":0,"comment_status":"closed","ping_status":"closed","template":"","meta":{"_et_pb_use_builder":"on","_et_pb_old_content":"<p><strong>Haftungshinweis: Das nachstehende Muster ist von einem Rechtsanwalt (<a href=\"https:\/\/drschwenke.de\" rel=\"nofollow\">https:\/\/drschwenke.de<\/a>) entsprechend den typischen Anforderungen eines Onlineshops erstellt worden.\u00a0Jedoch sollten Sie das Muster nur\u00a0nach sorgf\u00e4ltiger Pr\u00fcfung und Anpassung auf Ihr konkretes Gesch\u00e4ftsmodell verwenden. Das nachfolgende Muster enth\u00e4lt daher zus\u00e4tzliche Hinweise, die Sie beachten m\u00fcssen und rote Passagen, die Sie besonders pr\u00fcfen und ggf. anpassen m\u00fcssen. Bitte entfernen Sie die Hinweise nach der Bearbeitung. Lassen Sie sich im Zweifel rechtlich beraten. Urheberrecht: Sie d\u00fcrfen das Muster solange innerhalb der Domain\/Website nutzen, solange f\u00fcr diese auch Ihre Marketpress-Lizenz gilt. Weitergabe an Dritte, auch an Kunden (z.B. als Entwickler) ist nicht erlaubt.<\/strong><\/p><p><strong>Zahlungsarten<\/strong><\/p><p>Wir bieten Ihnen folgende Zahlungsarten an. Suchen Sie sich einfach die f\u00fcr Sie optimale Zahlart aus. Die Versandkosten sind teilweise abh\u00e4ngig von der gew\u00e4hlten Zahlungsart. Die in den jeweiligen Angeboten angef\u00fchrten Preise stellen Endpreise dar. Sie beinhalten alle Preisbestandteile einschlie\u00dflich etwaig anfallender Steuern wie Mehrwertsteuer. Nur bei grenz\u00fcberschreitender Lieferung k\u00f6nnen im Einzelfall weitere Steuern (z.B. im Falle eines innergemeinschaftlichen Erwerbs) und\/oder Abgaben (z.B. Z\u00f6lle) von Ihnen zu zahlen sein, jedoch nicht an den Verk\u00e4ufer, sondern an die dort zust\u00e4ndigen Zoll- bzw. Steuerbeh\u00f6rden. Die anfallenden Liefer- und Versandkosten sind nicht im Kaufpreis enthalten, sie sind \u00fcber die Seite \u201eVersandkosten\u201c aufrufbar, werden im Laufe des Bestellvorganges gesondert ausgewiesen und sind von Ihnen zus\u00e4tzlich zu tragen.<\/p><p><em>Nachnahme<\/em><\/p><p>Bitte halten Sie den Rechnungsbetrag bereit; der Zusteller kassiert bei Lieferung in bar (keine Schecks). Bei Nachnahme fallen zus\u00e4tzlich [6,50 EUR Nachnahmegeb\u00fchren] an, die direkt an den Paketzusteller zu entrichten sind.<\/p><p><em>Lastschrift<\/em><\/p><p>Wir ziehen den Rechnungsbetrag Ihrer Bestellung von Ihrem hinterlegten Bankkonto nach der get\u00e4tigten Bestellung ein. [Plus 2 Euro Geb\u00fchr]<\/p><p><em>Auf Rechnung<\/em><br \/>Einfach bestellen und im Anschlu\u00df erst bezahlen. [Plus 2 Euro Geb\u00fchr]<\/p><p><em>Kreditkarte<\/em><\/p><p>Zahlen Sie ganz einfach per Kreditkarte.<\/p><p><em>PayPal<\/em><\/p><p>Noch schneller und sicherer bezahlen mit ihrem PayPal-Konto.<\/p><p><em>Vorkasse<\/em><\/p><p>Kostenloser Versand innerhalb Deutschlands (Au\u00dfer Express-Versand)<\/p><p>Bitte \u00fcberweisen Sie den Gesamtbetrag Ihrer Bestellung auf unser Konto:<\/p><p>Kontoinhaber: Demoshop GmbH & Co.KG<br \/>Kontonummer: 10000000<br \/>BLZ: 222 22 222<br \/>Kreditinstitut: Bank Demostadt<br \/>SWIFT: DELE944834<br \/>IBAN: DE12345678910111213<\/p><p><em>Barzahlung<\/em><\/p><p>Bestellen Sie online und holen Sie Ihre Bestellung bei uns im Laden einfach ab:<\/p><p>Demoshop, Demostra\u00dfe 13<br \/>12345 Musterstadt, Deutschland<br \/>Mo \u2013 Fr 8:30 \u2013 13:00, 14:30 \u2013 18:00<br \/>Sa 9:00 \u2013 13:00<\/p>","_et_gb_content_width":"","footnotes":""},"dipi_cpt_category":[],"class_list":["post-22990739","page","type-page","status-publish","hentry"],"yoast_head":"<!-- This site is optimized with the Yoast SEO plugin v27.4 - https:\/\/yoast.com\/product\/yoast-seo-wordpress\/ -->\n<title>Metodi di pagamento - Spaghetti und Stars<\/title>\n<meta name=\"robots\" content=\"index, follow, max-snippet:-1, max-image-preview:large, max-video-preview:-1\" \/>\n<link rel=\"canonical\" href=\"https:\/\/www.spaghetti-und-stars.de\/it\/metodi-di-pagamento\/\" \/>\n<meta property=\"og:locale\" content=\"it_IT\" \/>\n<meta property=\"og:type\" content=\"article\" \/>\n<meta property=\"og:title\" content=\"Metodi di pagamento - Spaghetti und Stars\" \/>\n<meta property=\"og:description\" content=\"Metodi di pagamento Offriamo i seguenti metodi di pagamento. Scegliete semplicemente il metodo di pagamento pi\u00f9 adatto a voi. Le spese di spedizione dipendono in parte dal metodo di pagamento selezionato. I prezzi indicati nelle rispettive offerte sono prezzi finali. Includono tutte le componenti del prezzo, comprese le tasse applicabili, come l&#039;IVA. Solo in caso [&hellip;]\" \/>\n<meta property=\"og:url\" content=\"https:\/\/www.spaghetti-und-stars.de\/it\/metodi-di-pagamento\/\" \/>\n<meta property=\"og:site_name\" content=\"Spaghetti und Stars\" \/>\n<meta property=\"article:modified_time\" content=\"2025-02-21T12:16:51+00:00\" \/>\n<meta name=\"twitter:card\" content=\"summary_large_image\" \/>\n<meta name=\"twitter:label1\" content=\"Tempo di lettura stimato\" \/>\n\t<meta name=\"twitter:data1\" content=\"1 minuto\" \/>\n<script type=\"application\/ld+json\" class=\"yoast-schema-graph\">{\"@context\":\"https:\\\/\\\/schema.org\",\"@graph\":[{\"@type\":\"WebPage\",\"@id\":\"https:\\\/\\\/www.spaghetti-und-stars.de\\\/it\\\/metodi-di-pagamento\\\/\",\"url\":\"https:\\\/\\\/www.spaghetti-und-stars.de\\\/it\\\/metodi-di-pagamento\\\/\",\"name\":\"Metodi di pagamento - Spaghetti und Stars\",\"isPartOf\":{\"@id\":\"https:\\\/\\\/www.spaghetti-und-stars.de\\\/it\\\/#website\"},\"datePublished\":\"2023-12-08T12:39:51+00:00\",\"dateModified\":\"2025-02-21T12:16:51+00:00\",\"breadcrumb\":{\"@id\":\"https:\\\/\\\/www.spaghetti-und-stars.de\\\/it\\\/metodi-di-pagamento\\\/#breadcrumb\"},\"inLanguage\":\"it-IT\",\"potentialAction\":[{\"@type\":\"ReadAction\",\"target\":[\"https:\\\/\\\/www.spaghetti-und-stars.de\\\/it\\\/metodi-di-pagamento\\\/\"]}]},{\"@type\":\"BreadcrumbList\",\"@id\":\"https:\\\/\\\/www.spaghetti-und-stars.de\\\/it\\\/metodi-di-pagamento\\\/#breadcrumb\",\"itemListElement\":[{\"@type\":\"ListItem\",\"position\":1,\"name\":\"Start\",\"item\":\"https:\\\/\\\/www.spaghetti-und-stars.de\\\/it\\\/\"},{\"@type\":\"ListItem\",\"position\":2,\"name\":\"Metodi di pagamento\"}]},{\"@type\":\"WebSite\",\"@id\":\"https:\\\/\\\/www.spaghetti-und-stars.de\\\/it\\\/#website\",\"url\":\"https:\\\/\\\/www.spaghetti-und-stars.de\\\/it\\\/\",\"name\":\"Spaghetti und Stars\",\"description\":\"Ihr italienisches Restaurant in D\u00fcsseldorf\",\"potentialAction\":[{\"@type\":\"SearchAction\",\"target\":{\"@type\":\"EntryPoint\",\"urlTemplate\":\"https:\\\/\\\/www.spaghetti-und-stars.de\\\/it\\\/?s={search_term_string}\"},\"query-input\":{\"@type\":\"PropertyValueSpecification\",\"valueRequired\":true,\"valueName\":\"search_term_string\"}}],\"inLanguage\":\"it-IT\"}]}<\/script>\n<!-- \/ Yoast SEO plugin. -->","yoast_head_json":{"title":"Metodi di pagamento - Spaghetti und Stars","robots":{"index":"index","follow":"follow","max-snippet":"max-snippet:-1","max-image-preview":"max-image-preview:large","max-video-preview":"max-video-preview:-1"},"canonical":"https:\/\/www.spaghetti-und-stars.de\/it\/metodi-di-pagamento\/","og_locale":"it_IT","og_type":"article","og_title":"Metodi di pagamento - Spaghetti und Stars","og_description":"Metodi di pagamento Offriamo i seguenti metodi di pagamento. Scegliete semplicemente il metodo di pagamento pi\u00f9 adatto a voi. Le spese di spedizione dipendono in parte dal metodo di pagamento selezionato. I prezzi indicati nelle rispettive offerte sono prezzi finali. Includono tutte le componenti del prezzo, comprese le tasse applicabili, come l'IVA. Solo in caso [&hellip;]","og_url":"https:\/\/www.spaghetti-und-stars.de\/it\/metodi-di-pagamento\/","og_site_name":"Spaghetti und Stars","article_modified_time":"2025-02-21T12:16:51+00:00","twitter_card":"summary_large_image","twitter_misc":{"Tempo di lettura stimato":"1 minuto"},"schema":{"@context":"https:\/\/schema.org","@graph":[{"@type":"WebPage","@id":"https:\/\/www.spaghetti-und-stars.de\/it\/metodi-di-pagamento\/","url":"https:\/\/www.spaghetti-und-stars.de\/it\/metodi-di-pagamento\/","name":"Metodi di pagamento - Spaghetti und Stars","isPartOf":{"@id":"https:\/\/www.spaghetti-und-stars.de\/it\/#website"},"datePublished":"2023-12-08T12:39:51+00:00","dateModified":"2025-02-21T12:16:51+00:00","breadcrumb":{"@id":"https:\/\/www.spaghetti-und-stars.de\/it\/metodi-di-pagamento\/#breadcrumb"},"inLanguage":"it-IT","potentialAction":[{"@type":"ReadAction","target":["https:\/\/www.spaghetti-und-stars.de\/it\/metodi-di-pagamento\/"]}]},{"@type":"BreadcrumbList","@id":"https:\/\/www.spaghetti-und-stars.de\/it\/metodi-di-pagamento\/#breadcrumb","itemListElement":[{"@type":"ListItem","position":1,"name":"Start","item":"https:\/\/www.spaghetti-und-stars.de\/it\/"},{"@type":"ListItem","position":2,"name":"Metodi di pagamento"}]},{"@type":"WebSite","@id":"https:\/\/www.spaghetti-und-stars.de\/it\/#website","url":"https:\/\/www.spaghetti-und-stars.de\/it\/","name":"Spaghetti und Stars","description":"Ihr italienisches Restaurant in D\u00fcsseldorf","potentialAction":[{"@type":"SearchAction","target":{"@type":"EntryPoint","urlTemplate":"https:\/\/www.spaghetti-und-stars.de\/it\/?s={search_term_string}"},"query-input":{"@type":"PropertyValueSpecification","valueRequired":true,"valueName":"search_term_string"}}],"inLanguage":"it-IT"}]}},"_links":{"self":[{"href":"https:\/\/www.spaghetti-und-stars.de\/it\/wp-json\/wp\/v2\/pages\/22990739","targetHints":{"allow":["GET"]}}],"collection":[{"href":"https:\/\/www.spaghetti-und-stars.de\/it\/wp-json\/wp\/v2\/pages"}],"about":[{"href":"https:\/\/www.spaghetti-und-stars.de\/it\/wp-json\/wp\/v2\/types\/page"}],"author":[{"embeddable":true,"href":"https:\/\/www.spaghetti-und-stars.de\/it\/wp-json\/wp\/v2\/users\/1"}],"replies":[{"embeddable":true,"href":"https:\/\/www.spaghetti-und-stars.de\/it\/wp-json\/wp\/v2\/comments?post=22990739"}],"version-history":[{"count":4,"href":"https:\/\/www.spaghetti-und-stars.de\/it\/wp-json\/wp\/v2\/pages\/22990739\/revisions"}],"predecessor-version":[{"id":22990747,"href":"https:\/\/www.spaghetti-und-stars.de\/it\/wp-json\/wp\/v2\/pages\/22990739\/revisions\/22990747"}],"wp:attachment":[{"href":"https:\/\/www.spaghetti-und-stars.de\/it\/wp-json\/wp\/v2\/media?parent=22990739"}],"wp:term":[{"taxonomy":"dipi_cpt_category","embeddable":true,"href":"https:\/\/www.spaghetti-und-stars.de\/it\/wp-json\/wp\/v2\/dipi_cpt_category?post=22990739"}],"curies":[{"name":"wp","href":"https:\/\/api.w.org\/{rel}","templated":true}]}}